{"id":10,"date":"2015-07-21T02:55:15","date_gmt":"2015-07-21T02:55:15","guid":{"rendered":"http:\/\/kmetija-prkonc.si\/?page_id=10"},"modified":"2025-03-11T09:28:01","modified_gmt":"2025-03-11T09:28:01","slug":"eko-pridelki-in-izdelki","status":"publish","type":"page","link":"https:\/\/www.kmetija-prkonc.si\/index.php\/eko-pridelki-in-izdelki\/","title":{"rendered":"Eko pridelki in izdelki"},"content":{"rendered":"<div id=\"pl-10\"  class=\"panel-layout\" ><div id=\"pg-10-0\"  class=\"panel-grid panel-no-style\" ><div id=\"pgc-10-0-0\"  class=\"panel-grid-cell\" ><div id=\"panel-10-0-0-0\" class=\"so-panel widget widget_black-studio-tinymce widget_black_studio_tinymce panel-first-child panel-last-child\" data-index=\"0\" ><div class=\"textwidget\"><p style=\"text-align: left;\"><span class=\"eko-pridelki-in-izdelki-headline\">Sezonska zelenjava<br \/> <\/span><br \/> -krompir<br \/> -\u010debula, \u010desen<br \/>-korenje<br \/>-kumare<br \/> -bu\u010dke<br \/> -fi\u017eol<br \/> -paprika, paradi\u017enik<br \/> -zelje<br \/> -peter\u0161ilj, zelena<br \/>-rde\u010da pesa<br \/>-solata<\/p>\n<\/div><\/div><\/div><div id=\"pgc-10-0-1\"  class=\"panel-grid-cell\" ><div id=\"panel-10-0-1-0\" class=\"so-panel widget widget_black-studio-tinymce widget_black_studio_tinymce panel-first-child panel-last-child\" data-index=\"1\" ><div class=\"textwidget\"><p><span class=\"\" style=\"display:block;clear:both;height: 0px;padding-top: 40px;border-top-width:0px;border-bottom-width:0px;\"><\/span><\/p>\n<p><img class=\"alignnone size-full wp-image-373\" src=\"http:\/\/www.kmetija-prkonc.si\/wp-content\/uploads\/2015\/07\/zelenjava-gajbica.jpg\" alt=\"zelenjava-gajbica\" width=\"1039\" height=\"678\" \/><\/p>\n<\/div><\/div><\/div><\/div><div id=\"pg-10-1\"  class=\"panel-grid panel-has-style\" ><div class=\"siteorigin-panels-stretch panel-row-style panel-row-style-for-10-1\" data-stretch-type=\"full\" ><div id=\"pgc-10-1-0\"  class=\"panel-grid-cell\" ><div id=\"panel-10-1-0-0\" class=\"so-panel widget widget_black-studio-tinymce widget_black_studio_tinymce panel-first-child panel-last-child\" data-index=\"2\" ><div class=\"textwidget\"><p><span class=\"\" style=\"display:block;clear:both;height: 0px;padding-top: 40px;border-top-width:0px;border-bottom-width:0px;\"><\/span><\/p>\n<p><img class=\"alignnone size-full wp-image-198\" src=\"http:\/\/kmetija-prkonc.si\/wp-content\/uploads\/2015\/07\/ajdovaka\u0161a1.jpg\" alt=\"\" width=\"1231\" height=\"678\" \/><\/p>\n<\/div><\/div><\/div><div id=\"pgc-10-1-1\"  class=\"panel-grid-cell\" ><div id=\"panel-10-1-1-0\" class=\"so-panel widget widget_black-studio-tinymce widget_black_studio_tinymce panel-first-child panel-last-child\" data-index=\"3\" ><div class=\"textwidget\"><p><span class=\"eko-pridelki-in-izdelki-headline\">Kruh in mlevski izdelki<\/span><br \/> -p\u0161eni\u010dni kruh, pirin kruh, kruh s semeni, kruh \u010dista pira, ajdov kruh, koruzni kruh, \u017eemljice<br \/>-testenine<br \/> -polbela moka, polnozrnata p\u0161eni\u010dna moka, pirina moka, koruzna moka, ajdova moka, r\u017eena moka<br \/> -p\u0161eni\u010dni in pirini\u00a0otrobi<br \/> -pirin zdrob, koruzni zdrob, p\u0161eni\u010dni zdrob<br \/> -ajdova in prosena ka\u0161a<br \/> -pirin ri\u017eek<br \/> -ovseni kosmi\u010di, p\u0161eni\u010dni kosmi\u010di, \u00a0pirini kosmi\u010di<\/p>\n<p>\u00a0<\/p>\n<\/div><\/div><\/div><\/div><\/div><div id=\"pg-10-2\"  class=\"panel-grid panel-no-style\" ><div id=\"pgc-10-2-0\"  class=\"panel-grid-cell\" ><div id=\"panel-10-2-0-0\" class=\"so-panel widget widget_black-studio-tinymce widget_black_studio_tinymce panel-first-child panel-last-child\" data-index=\"4\" ><div class=\"textwidget\"><p><span class=\"eko-pridelki-in-izdelki-headline\">Mleko in mle\u010dni izdelki<\/span><br \/> -mleko<br \/> -maslo in pinjenec<br \/> -sladka smetana<br \/> -kisla smetana<br \/> -jogurt<br \/> -skuta<br \/> -mladi sir<br \/> -zorjeni sir<br \/>-sirotka in kisava<\/p>\n<p>Na kmetiji je mogo\u010de dobiti tudi jajca.<\/p>\n<\/div><\/div><\/div><div id=\"pgc-10-2-1\"  class=\"panel-grid-cell\" ><div id=\"panel-10-2-1-0\" class=\"so-panel widget widget_black-studio-tinymce widget_black_studio_tinymce panel-first-child panel-last-child\" data-index=\"5\" ><div class=\"textwidget\"><p><span class=\"\" style=\"display:block;clear:both;height: 0px;padding-top: 20px;border-top-width:0px;border-bottom-width:0px;\"><\/span><\/p>\n<p><img class=\"alignnone size-full wp-image-199\" src=\"http:\/\/kmetija-prkonc.si\/wp-content\/uploads\/2015\/07\/krave3.jpg\" alt=\"\" width=\"1128\" height=\"678\" \/><\/p>\n<\/div><\/div><\/div><\/div><div id=\"pg-10-3\"  class=\"panel-grid panel-has-style\" ><div class=\"siteorigin-panels-stretch panel-row-style panel-row-style-for-10-3\" data-stretch-type=\"full\" ><div id=\"pgc-10-3-0\"  class=\"panel-grid-cell\" ><div id=\"panel-10-3-0-0\" class=\"so-panel widget widget_black-studio-tinymce widget_black_studio_tinymce panel-first-child panel-last-child\" data-index=\"6\" ><div class=\"textwidget\"><p><span class=\"eko-pridelki-in-izdelki-headline\">Obi\u0161\u010dite nas<\/span><br \/>\nTrgovin'ca je odprta ob petkih med 10.00 uro in 18.00 uro ali\u00a0tudi druge dni po dogovoru.<\/p>\n<p><span class=\"\" style=\"display:block;clear:both;height: 0px;padding-top: 20px;border-top-width:0px;border-bottom-width:0px;\"><\/span><\/p>\n<\/div><\/div><\/div><div id=\"pgc-10-3-1\"  class=\"panel-grid-cell\" ><div id=\"panel-10-3-1-0\" class=\"so-panel widget widget_black-studio-tinymce widget_black_studio_tinymce panel-first-child panel-last-child\" data-index=\"7\" ><div class=\"textwidget\"><p style=\"text-align: center;\"><span class=\"\" style=\"display:block;clear:both;height: 0px;padding-top: 40px;border-top-width:0px;border-bottom-width:0px;\"><\/span><br \/>\n<a class=\"button brown\" href=\"http:\/\/kmetija-prkonc.si\/index.php\/kontakt\/\"> Kontakt<\/a><\/p>\n<\/div><\/div><\/div><\/div><\/div><div id=\"pg-10-4\"  class=\"panel-grid panel-no-style\" ><div id=\"pgc-10-4-0\"  class=\"panel-grid-cell\" ><div id=\"panel-10-4-0-0\" class=\"so-panel widget widget_black-studio-tinymce widget_black_studio_tinymce panel-first-child panel-last-child\" data-index=\"8\" ><div class=\"textwidget\"><\/div><\/div><\/div><div id=\"pgc-10-4-1\"  class=\"panel-grid-cell\" ><div id=\"panel-10-4-1-0\" class=\"so-panel widget widget_black-studio-tinymce widget_black_studio_tinymce panel-first-child panel-last-child\" data-index=\"9\" ><div class=\"textwidget\"><\/div><\/div><\/div><\/div><\/div>","protected":false},"excerpt":{"rendered":"<p>Sezonska zelenjava -krompir -\u010debula, \u010desen-korenje-kumare -bu\u010dke -fi\u017eol -paprika, paradi\u017enik -zelje -peter\u0161ilj, zelena-rde\u010da pesa-solata Kruh in mlevski izdelki -p\u0161eni\u010dni kruh, pirin kruh, kruh s semeni, kruh \u010dista pira, ajdov kruh, koruzni kruh, \u017eemljice-testenine -polbela moka, polnozrnata p\u0161eni\u010dna moka, pirina moka, koruzna moka, ajdova moka, r\u017eena moka -p\u0161eni\u010dni in pirini\u00a0otrobi -pirin zdrob, koruzni zdrob, p\u0161eni\u010dni zdrob -ajdova <a class=\"moretag\" href=\"https:\/\/www.kmetija-prkonc.si\/index.php\/eko-pridelki-in-izdelki\/\">Read More &#8230;<\/a><\/p>\n","protected":false},"author":1,"featured_media":0,"parent":0,"menu_order":0,"comment_status":"closed","ping_status":"open","template":"full-width-page.php","meta":[],"_links":{"self":[{"href":"https:\/\/www.kmetija-prkonc.si\/index.php\/wp-json\/wp\/v2\/pages\/10"}],"collection":[{"href":"https:\/\/www.kmetija-prkonc.si\/index.php\/wp-json\/wp\/v2\/pages"}],"about":[{"href":"https:\/\/www.kmetija-prkonc.si\/index.php\/wp-json\/wp\/v2\/types\/page"}],"author":[{"embeddable":true,"href":"https:\/\/www.kmetija-prkonc.si\/index.php\/wp-json\/wp\/v2\/users\/1"}],"replies":[{"embeddable":true,"href":"https:\/\/www.kmetija-prkonc.si\/index.php\/wp-json\/wp\/v2\/comments?post=10"}],"version-history":[{"count":44,"href":"https:\/\/www.kmetija-prkonc.si\/index.php\/wp-json\/wp\/v2\/pages\/10\/revisions"}],"predecessor-version":[{"id":46150,"href":"https:\/\/www.kmetija-prkonc.si\/index.php\/wp-json\/wp\/v2\/pages\/10\/revisions\/46150"}],"wp:attachment":[{"href":"https:\/\/www.kmetija-prkonc.si\/index.php\/wp-json\/wp\/v2\/media?parent=10"}],"curies":[{"name":"wp","href":"https:\/\/api.w.org\/{rel}","templated":true}]}}