{"id":6,"date":"2015-07-21T02:50:09","date_gmt":"2015-07-21T02:50:09","guid":{"rendered":"http:\/\/kmetija-prkonc.si\/?page_id=6"},"modified":"2022-10-07T07:45:21","modified_gmt":"2022-10-07T07:45:21","slug":"domov","status":"publish","type":"page","link":"https:\/\/www.kmetija-prkonc.si\/","title":{"rendered":"Domov"},"content":{"rendered":"<div id=\"pl-6\"  class=\"panel-layout\" ><div id=\"pg-6-0\"  class=\"panel-grid panel-has-style\" ><div class=\"siteorigin-panels-stretch panel-row-style panel-row-style-for-6-0\" data-stretch-type=\"full\" ><div id=\"pgc-6-0-0\"  class=\"panel-grid-cell\" ><div id=\"panel-6-0-0-0\" class=\"so-panel widget widget_black-studio-tinymce widget_black_studio_tinymce panel-first-child panel-last-child\" data-index=\"0\" ><div class=\"textwidget\"><p style=\"text-align: center;\"><span class=\"headline resize home-headline\">\u00a0<img class=\"alignnone size-full wp-image-338\" src=\"http:\/\/www.kmetija-prkonc.si\/wp-content\/uploads\/2015\/07\/prkonc.jpg\" alt=\"prkonc\" width=\"249\" height=\"200\" \/><a href=\"http:\/\/kmetija-prkonc.si\/wp-content\/uploads\/2015\/07\/logo-kmetija-prkonc.jpg\"><span class=\"\" style=\"display:block;clear:both;height: 0px;padding-top: 20px;border-top-width:0px;border-bottom-width:0px;\"><\/span><\/a><br \/>\nEKOLO\u0160KI PRIDELKI IN IZDELKI V LJUBLJANI<\/span><br \/>\n<span class=\"home-sub\">Zelenjava, kruh in mlevski izdelki, mleko in mle\u010dni izdelki, peciva, pi\u0161koti, jajca,... <\/span><br \/>\n<a class=\"button primary-button brown\" href=\"http:\/\/kmetija-prkonc.si\/index.php\/eko-pridelki-in-izdelki\/\">Poglej ponudbo<\/a> <a class=\"button primary-button brown \" href=\"http:\/\/kmetija-prkonc.si\/index.php\/kontakt\/\">Kontakt<\/a><\/p>\n<p style=\"text-align: center;\"><span class=\"\" style=\"display:block;clear:both;height: 0px;padding-top: 300px;border-top-width:0px;border-bottom-width:0px;\"><\/span><\/p>\n<p>&nbsp;<\/p>\n<p>&nbsp;<\/p>\n<p>&nbsp;<\/p>\n<p><a href=\"http:\/\/www.kmetija-prkonc.si\/wp-content\/uploads\/2022\/09\/opis-Filip-Cemazar.pdf\"><img class=\"size-medium wp-image-46125 alignright\" src=\"http:\/\/www.kmetija-prkonc.si\/wp-content\/uploads\/2022\/09\/PRP-EU-SLO-barvni-300x76.jpg\" alt=\"\" width=\"300\" height=\"76\" \/><\/a><\/p>\n<p><a href=\"https:\/\/skp.si\/\" rel=\"attachment wp-att-46133\"><img class=\"alignright wp-image-46133\" src=\"http:\/\/www.kmetija-prkonc.si\/wp-content\/uploads\/2022\/10\/logo_prp_glava.png\" alt=\"\" width=\"144\" height=\"38\" \/><\/a><a href=\"https:\/\/agriculture.ec.europa.eu\/common-agricultural-policy\/rural-development_en\" rel=\"attachment wp-att-46134\"><img class=\"alignright wp-image-46134\" src=\"http:\/\/www.kmetija-prkonc.si\/wp-content\/uploads\/2022\/10\/evropska-komisija-300x75.png\" alt=\"\" width=\"204\" height=\"51\" \/><\/a><\/p>\n<p>&nbsp;<\/p>\n<\/div><\/div><\/div><\/div><\/div><\/div>","protected":false},"excerpt":{"rendered":"<p>\u00a0 EKOLO\u0160KI PRIDELKI IN IZDELKI V LJUBLJANI Zelenjava, kruh in mlevski izdelki, mleko in mle\u010dni izdelki, peciva, pi\u0161koti, jajca,&#8230; Poglej ponudbo Kontakt &nbsp; &nbsp; &nbsp; &nbsp;<\/p>\n","protected":false},"author":1,"featured_media":0,"parent":0,"menu_order":0,"comment_status":"closed","ping_status":"open","template":"full-width-page.php","meta":[],"_links":{"self":[{"href":"https:\/\/www.kmetija-prkonc.si\/index.php\/wp-json\/wp\/v2\/pages\/6"}],"collection":[{"href":"https:\/\/www.kmetija-prkonc.si\/index.php\/wp-json\/wp\/v2\/pages"}],"about":[{"href":"https:\/\/www.kmetija-prkonc.si\/index.php\/wp-json\/wp\/v2\/types\/page"}],"author":[{"embeddable":true,"href":"https:\/\/www.kmetija-prkonc.si\/index.php\/wp-json\/wp\/v2\/users\/1"}],"replies":[{"embeddable":true,"href":"https:\/\/www.kmetija-prkonc.si\/index.php\/wp-json\/wp\/v2\/comments?post=6"}],"version-history":[{"count":106,"href":"https:\/\/www.kmetija-prkonc.si\/index.php\/wp-json\/wp\/v2\/pages\/6\/revisions"}],"predecessor-version":[{"id":46140,"href":"https:\/\/www.kmetija-prkonc.si\/index.php\/wp-json\/wp\/v2\/pages\/6\/revisions\/46140"}],"wp:attachment":[{"href":"https:\/\/www.kmetija-prkonc.si\/index.php\/wp-json\/wp\/v2\/media?parent=6"}],"curies":[{"name":"wp","href":"https:\/\/api.w.org\/{rel}","templated":true}]}}