{"id":8,"date":"2015-07-21T02:54:31","date_gmt":"2015-07-21T02:54:31","guid":{"rendered":"http:\/\/kmetija-prkonc.si\/?page_id=8"},"modified":"2024-09-16T11:52:14","modified_gmt":"2024-09-16T11:52:14","slug":"o-kmetiji","status":"publish","type":"page","link":"https:\/\/www.kmetija-prkonc.si\/index.php\/o-kmetiji\/","title":{"rendered":"O kmetiji"},"content":{"rendered":"<div id=\"pl-8\"  class=\"panel-layout\" ><div id=\"pg-8-0\"  class=\"panel-grid panel-no-style\" ><div id=\"pgc-8-0-0\"  class=\"panel-grid-cell\" ><div id=\"panel-8-0-0-0\" class=\"so-panel widget widget_black-studio-tinymce widget_black_studio_tinymce panel-first-child panel-last-child\" data-index=\"0\" ><div class=\"textwidget\"><p><span class=\"\" style=\"display:block;clear:both;height: 0px;padding-top: 20px;border-top-width:0px;border-bottom-width:0px;\"><\/span><\/p>\n<p><img class=\"size-full wp-image-237\" src=\"http:\/\/kmetija-prkonc.si\/wp-content\/uploads\/2015\/07\/hi\u0161a-neko\u010d.jpg\" alt=\"SAMSUNG\" width=\"923\" height=\"692\" \/><\/p>\n<\/div><\/div><\/div><div id=\"pgc-8-0-1\"  class=\"panel-grid-cell\" ><div id=\"panel-8-0-1-0\" class=\"so-panel widget widget_black-studio-tinymce widget_black_studio_tinymce panel-first-child panel-last-child\" data-index=\"1\" ><div class=\"textwidget\"><p><span class=\"o-kmetiji-headline\">Za\u010delo se je...<\/span><br \/>\nNa severnem obrobju Ljubljane, kjer se mesto zlije v travnike in polja, kjer se nahajajo pomembna \u010drpali\u0161\u010da podtalnice za ljubljanski vodovod si \u010dlovek niti zamisliti ne more, da je od centra slovenske prestolnice oddaljen komaj 6 km; in tu, sredi vasi Kle\u010de, stoji Kon\u010deva kmetija.<br \/>\nSem, na kmetijo Pr` Konc, se je leta 1837 priselil Anton \u010cema\u017ear iz Sel\u0161ke doline. Po\u010dasi so si on, njegov sin Jernej ter nato vnuki in pravnuki \u0161irili prostor. Leta 1904 so postavili novo stanovanjsko hi\u0161o, v kateri danes \u017eivimo tudi mi. Ustvarili so si mo\u017enosti za pre\u017eivetje, nam pa ponudili prilo\u017enost za razvoj kmetije v dana\u0161njem \u010dasu. <\/p>\n<\/div><\/div><\/div><\/div><div id=\"pg-8-1\"  class=\"panel-grid panel-has-style\" ><div class=\"siteorigin-panels-stretch panel-row-style panel-row-style-for-8-1\" data-stretch-type=\"full\" ><div id=\"pgc-8-1-0\"  class=\"panel-grid-cell\" ><div id=\"panel-8-1-0-0\" class=\"so-panel widget widget_black-studio-tinymce widget_black_studio_tinymce panel-first-child panel-last-child\" data-index=\"2\" ><div class=\"textwidget\"><p><span class=\"o-kmetiji-headline\">Iz integriranega v ekolo\u0161ko...<\/span><br \/>\nNa\u0161i star\u0161i so nas vzgajali v ljubezni in spo\u0161tovanju do zemlje in tako smo podedovali ob\u010dutek odgovornosti za ohranjanje narave. Zato smo leta 2008 za\u010deli s preusmeritvijo iz integriranega na\u010dina kmetovanja v ekolo\u0161ki. Od leta 2010 pa tudi redno pridobivamo certifikat za ekolo\u0161ko kmetovanje (<a href=\"https:\/\/webapl.mkgp.gov.si\/bioWeb\/poglej.php?id=2306\">evidenca certifikatov ekolo\u0161kega kmetovanja<\/a>).<br \/>\nObdelujemo pribli\u017eno 25 ha zemlje. Na njej gojimo krmne rastline, razli\u010dna \u017eita, ajdo in zelenjavo. V hlevu s prosto rejo je govedo, od tega 20 krav molznic, poniji, v svinjaku pra\u0161i\u010di in v koko\u0161njaku koko\u0161i; prav tako kot govedo, oboji vzrejeni po na\u010dinu proste reje.<br \/>\nDa bi ljudem, ki nas obi\u0161\u010dejo in \u017eelijo dobiti na\u0161e lastne doma\u010de pridelke in proizvode, lahko ponudili kar najve\u010d na enem mestu, smo leta 2011 doma odprli trgovin`co.<\/p>\n<\/div><\/div><\/div><div id=\"pgc-8-1-1\"  class=\"panel-grid-cell\" ><div id=\"panel-8-1-1-0\" class=\"so-panel widget widget_black-studio-tinymce widget_black_studio_tinymce panel-first-child panel-last-child\" data-index=\"3\" ><div class=\"textwidget\"><p><span class=\"\" style=\"display:block;clear:both;height: 0px;padding-top: 20px;border-top-width:0px;border-bottom-width:0px;\"><\/span><\/p>\n<p><img class=\" size-full wp-image-369 aligncenter\" src=\"http:\/\/www.kmetija-prkonc.si\/wp-content\/uploads\/2015\/07\/certifikat5.jpg\" alt=\"certifikat\" width=\"266\" height=\"354\" \/><\/p>\n<p><img class=\" size-full wp-image-390 alignleft\" src=\"http:\/\/www.kmetija-prkonc.si\/wp-content\/uploads\/2015\/07\/ekolo\u0161ki-prkonc.jpg\" alt=\"ekolo\u0161ki-prkonc\" width=\"110\" height=\"60\" \/><img class=\"size-full wp-image-389\" src=\"http:\/\/www.kmetija-prkonc.si\/wp-content\/uploads\/2015\/07\/ekolo\u0161ki2.jpg\" alt=\"ekolo\u0161ki2\" width=\"91\" height=\"60\" \/><\/p>\n<\/div><\/div><\/div><\/div><\/div><div id=\"pg-8-2\"  class=\"panel-grid panel-no-style\" ><div id=\"pgc-8-2-0\"  class=\"panel-grid-cell\" ><div id=\"panel-8-2-0-0\" class=\"so-panel widget widget_black-studio-tinymce widget_black_studio_tinymce panel-first-child panel-last-child\" data-index=\"4\" ><div class=\"textwidget\"><p><span class=\"\" style=\"display:block;clear:both;height: 0px;padding-top: 20px;border-top-width:0px;border-bottom-width:0px;\"><\/span><\/p>\n<p>&nbsp;<\/p>\n<p><a href=\"https:\/\/www.kmetija-prkonc.si\/index.php\/o-kmetiji\/20240809_173539-2\/\" rel=\"attachment wp-att-46146\"><img class=\"alignnone size-medium wp-image-46146\" src=\"http:\/\/www.kmetija-prkonc.si\/wp-content\/uploads\/2024\/09\/20240809_173539-2-300x225.jpg\" alt=\"\" width=\"300\" height=\"225\" \/><\/a><\/p>\n<p>&nbsp;<\/p>\n<p>&nbsp;<\/p>\n<\/div><\/div><\/div><div id=\"pgc-8-2-1\"  class=\"panel-grid-cell\" ><div id=\"panel-8-2-1-0\" class=\"so-panel widget widget_black-studio-tinymce widget_black_studio_tinymce panel-first-child panel-last-child\" data-index=\"5\" ><div class=\"textwidget\"><p><span class=\"o-kmetiji-headline\">\u017diveti doma\u010dnost...<\/span><br \/>\nPonujamo mleko in mle\u010dne proizvode, mlevske proizvode, jajca, kruh in zavitke. Peka kruha poteka na tradicionalen na\u010din v kru\u0161ni pe\u010di . Ponujamo tudi zelenjavo, ki je pridelana na na\u0161ih njivah in je izklju\u010dno sezonska.<br \/>\nLjudje radi prihajajo na na\u0161o kmetijo, kjer jim ne ponujamo samo svoje pridelke in izdelke, ampak tudi toplino in doma\u010dnost.<br \/>\nLogotip na\u0161e kmetije - hlebec kruha na prtu, je kopija motiva, vklesanega v podboj vhodnih vrat Kon\u010deve hi\u0161e.<br \/>\nKmetija ima naslednike, ki \u017eelijo vztrajati na tej poti, razvijati nove ideje in s kvaliteto zagovarjati ekolo\u0161ki na\u010din kmetovanja.<\/p>\n<p><span class=\"\" style=\"display:block;clear:both;height: 0px;padding-top: 20px;border-top-width:0px;border-bottom-width:0px;\"><\/span><\/p>\n<\/div><\/div><\/div><\/div><div id=\"pg-8-3\"  class=\"panel-grid panel-no-style\" ><div id=\"pgc-8-3-0\"  class=\"panel-grid-cell\" ><div id=\"panel-8-3-0-0\" class=\"so-panel widget widget_black-studio-tinymce widget_black_studio_tinymce panel-first-child panel-last-child\" data-index=\"6\" ><div class=\"textwidget\"><\/div><\/div><\/div><div id=\"pgc-8-3-1\"  class=\"panel-grid-cell\" ><div id=\"panel-8-3-1-0\" class=\"so-panel widget widget_black-studio-tinymce widget_black_studio_tinymce panel-first-child panel-last-child\" data-index=\"7\" ><div class=\"textwidget\"><\/div><\/div><\/div><\/div><\/div>","protected":false},"excerpt":{"rendered":"<p>Za\u010delo se je&#8230; Na severnem obrobju Ljubljane, kjer se mesto zlije v travnike in polja, kjer se nahajajo pomembna \u010drpali\u0161\u010da podtalnice za ljubljanski vodovod si \u010dlovek niti zamisliti ne more, da je od centra slovenske prestolnice oddaljen komaj 6 km; in tu, sredi vasi Kle\u010de, stoji Kon\u010deva kmetija. Sem, na kmetijo Pr` Konc, se je <a class=\"moretag\" href=\"https:\/\/www.kmetija-prkonc.si\/index.php\/o-kmetiji\/\">Read More &#8230;<\/a><\/p>\n","protected":false},"author":1,"featured_media":0,"parent":0,"menu_order":0,"comment_status":"closed","ping_status":"open","template":"full-width-page.php","meta":[],"_links":{"self":[{"href":"https:\/\/www.kmetija-prkonc.si\/index.php\/wp-json\/wp\/v2\/pages\/8"}],"collection":[{"href":"https:\/\/www.kmetija-prkonc.si\/index.php\/wp-json\/wp\/v2\/pages"}],"about":[{"href":"https:\/\/www.kmetija-prkonc.si\/index.php\/wp-json\/wp\/v2\/types\/page"}],"author":[{"embeddable":true,"href":"https:\/\/www.kmetija-prkonc.si\/index.php\/wp-json\/wp\/v2\/users\/1"}],"replies":[{"embeddable":true,"href":"https:\/\/www.kmetija-prkonc.si\/index.php\/wp-json\/wp\/v2\/comments?post=8"}],"version-history":[{"count":46,"href":"https:\/\/www.kmetija-prkonc.si\/index.php\/wp-json\/wp\/v2\/pages\/8\/revisions"}],"predecessor-version":[{"id":46148,"href":"https:\/\/www.kmetija-prkonc.si\/index.php\/wp-json\/wp\/v2\/pages\/8\/revisions\/46148"}],"wp:attachment":[{"href":"https:\/\/www.kmetija-prkonc.si\/index.php\/wp-json\/wp\/v2\/media?parent=8"}],"curies":[{"name":"wp","href":"https:\/\/api.w.org\/{rel}","templated":true}]}}